{"id":90,"date":"2015-05-18T16:51:59","date_gmt":"2015-05-18T14:51:59","guid":{"rendered":"http:\/\/osor.de\/site\/?page_id=90"},"modified":"2015-05-18T16:53:19","modified_gmt":"2015-05-18T14:53:19","slug":"kontakt","status":"publish","type":"page","link":"https:\/\/osor.de\/site\/index.php\/kontakt\/","title":{"rendered":"Kontakt"},"content":{"rendered":"<p>Website-Betreiber: Michael Richter (mr at osor.de)<\/p>\n<h2>Website-Infos<\/h2>\n<p>Einige Icons stammen von <a href=\"http:\/\/www.famfamfam.com\/lab\/icons\/silk\/\" target=\"_blank\">famfamfam<\/a>.<\/p>\n<p>Link-Icon von <a href=\"http:\/\/www.mediawiki.org\/\" target=\"_blank\">Mediawiki<\/a>.<\/p>\n<p>Bitte keine Anfragen zu Die-St\u00e4mme-Scripts! Daf\u00fcr ist das <a href=\"http:\/\/forum.die-staemme.de\/\" target=\"_blank\">St\u00e4mme-Forum<\/a> da.<\/p>\n<p>&nbsp;<\/p>\n","protected":false},"excerpt":{"rendered":"<p>Website-Betreiber: Michael Richter (mr at osor.de) Website-Infos Einige Icons stammen von famfamfam. Link-Icon von Mediawiki. Bitte keine Anfragen zu Die-St\u00e4mme-Scripts! Daf\u00fcr ist das St\u00e4mme-Forum da. &nbsp;<\/p>\n","protected":false},"author":1,"featured_media":0,"parent":0,"menu_order":10,"comment_status":"closed","ping_status":"open","template":"","meta":{"footnotes":""},"class_list":["post-90","page","type-page","status-publish","hentry"],"_links":{"self":[{"href":"https:\/\/osor.de\/site\/index.php\/wp-json\/wp\/v2\/pages\/90","targetHints":{"allow":["GET"]}}],"collection":[{"href":"https:\/\/osor.de\/site\/index.php\/wp-json\/wp\/v2\/pages"}],"about":[{"href":"https:\/\/osor.de\/site\/index.php\/wp-json\/wp\/v2\/types\/page"}],"author":[{"embeddable":true,"href":"https:\/\/osor.de\/site\/index.php\/wp-json\/wp\/v2\/users\/1"}],"replies":[{"embeddable":true,"href":"https:\/\/osor.de\/site\/index.php\/wp-json\/wp\/v2\/comments?post=90"}],"version-history":[{"count":1,"href":"https:\/\/osor.de\/site\/index.php\/wp-json\/wp\/v2\/pages\/90\/revisions"}],"predecessor-version":[{"id":92,"href":"https:\/\/osor.de\/site\/index.php\/wp-json\/wp\/v2\/pages\/90\/revisions\/92"}],"wp:attachment":[{"href":"https:\/\/osor.de\/site\/index.php\/wp-json\/wp\/v2\/media?parent=90"}],"curies":[{"name":"wp","href":"https:\/\/api.w.org\/{rel}","templated":true}]}}