{"id":87,"date":"2015-05-18T16:50:59","date_gmt":"2015-05-18T14:50:59","guid":{"rendered":"http:\/\/osor.de\/site\/?page_id=87"},"modified":"2015-05-18T17:40:05","modified_gmt":"2015-05-18T15:40:05","slug":"mybb-mitgliederkarte","status":"publish","type":"page","link":"https:\/\/osor.de\/site\/index.php\/projekte\/mybb-mitgliederkarte\/","title":{"rendered":"MyBB Mitgliederkarte"},"content":{"rendered":"<p><a href=\"http:\/\/osor.de\/site\/wp-content\/uploads\/2015\/05\/membermap.png\"><img loading=\"lazy\" decoding=\"async\" class=\"alignright wp-image-88 size-thumbnail\" src=\"http:\/\/osor.de\/site\/wp-content\/uploads\/2015\/05\/membermap-150x150.png\" alt=\"membermap\" width=\"150\" height=\"150\" \/><\/a>Dieses Plugin f\u00fcr <a href=\"http:\/\/mybboard.de\/\" target=\"_blank\" shape=\"rect\">MyBB<\/a> f\u00fcgt eine neue Seite mit einer Landkarte ein, wo alle Foren-Mitglieder ihren Wohnort eintragen k\u00f6nnen. Die Karte nutzt \u00fcberwiegend AJAX f\u00fcr die Daten\u00fcbertragung.<\/p>\n<p>Man ben\u00f6tigt die <a href=\"http:\/\/sourceforge.net\/projects\/opengeodb\/\" target=\"_blank\" shape=\"rect\">OpenGeoDB<\/a> f\u00fcr die St\u00e4dtenamen, -koordinaten usw. (~70 MB Speicherbedarf in der Datenbank).<\/p>\n<h2>Anforderungen<\/h2>\n<ul>\n<li><a href=\"http:\/\/www.php.net\/\" target=\"_blank\" shape=\"rect\">PHP<\/a> &gt;= 4<\/li>\n<li><a href=\"http:\/\/www.mysql.com\/\" target=\"_blank\" shape=\"rect\">MySQL<\/a> &gt;= 4.1<\/li>\n<li><a href=\"http:\/\/www.php.net\/manual\/de\/ref.image.php\" target=\"_blank\" shape=\"rect\">GD2<\/a><\/li>\n<\/ul>\n<h2>Installation<\/h2>\n<ul>\n<li>Ladet euch die OpenGeoDB runter, entweder als einen gro\u00dfen SQL-Dump:<a href=\"http:\/\/downloads.sourceforge.net\/opengeodb\/opengeodb-0.2.4d-UTF8-mysql.zip\" target=\"_blank\" shape=\"rect\">opengeodb-0.2.4d-UTF8-mysql.zip<\/a>oder in mehrere kleine Teile geteilt (f\u00fcr den Import mit phpMyAdmin besser geeignet):<a href=\"http:\/\/downloads.sourceforge.net\/opengeodb\/opengeodb-0.2.4d-UTF8-mysql-split.zip\" target=\"_blank\" shape=\"rect\">opengeodb-0.2.4d-UTF8-mysql-split.zip<\/a>und importiert sie in eure MySQL-Datenbank.<\/li>\n<li>Kopiert alle Dateien aus dem ZIP-Archiv des Karten-Plugins entsprechend der Ordnerstruktur in eure MyBB-Installation (der erste Ordner &#8222;mybb&#8220; im ZIP-Archiv entspricht dabei dem Ordner eurer MyBB-Installation).<\/li>\n<li>Geht ins Admin-CP und aktiviert das Plugin (unter <em>Foreneinstellungen<\/em> -&gt; <em>Plugin-Manager<\/em>).<\/li>\n<li>(optional) Geht in die Plugin-Einstellungen und konfiguriert es euren Vorstellungen entsprechend (unter <em>Foreneinstellungen<\/em> -&gt; <em>\u00c4ndern<\/em> -&gt; <em>Mitglieder-Karte<\/em>).<\/li>\n<\/ul>\n<p>[wpfilebase tag=file id=6 \/]<\/p>\n<h2>Zu beachten beim Update von 1.0 auf 1.1<\/h2>\n<p>Kopiert erst die neuen Dateien (ge\u00e4ndert haben sich mybb\/membermap.php und inc\/plugins\/membermap.php) in eure MyBB-Installation.<\/p>\n<p>Erst danach geht ihr ins ACP, deaktiviert das Plugin und aktiviert es wieder.<\/p>\n<p>Die Plugin-Einstellungen m\u00fcssen dann nochmals vorgenommen werden aber die gespeicherten Karten-Infos bleiben erhalten.<\/p>\n<h2>Neuerungen in Version 1.1<\/h2>\n<ul>\n<li>PHP4-kompatibel<\/li>\n<li>DOM wird nicht mehr ben\u00f6tigt<\/li>\n<li>iconv wird nicht mehr ben\u00f6tgt<\/li>\n<li>neue Karte mit Bundsl\u00e4nder-Grenzen und eine zus\u00e4tzlich mit St\u00e4dten (dach_cities.png)<\/li>\n<li>Rahmen um Markierung-Punkte<\/li>\n<li>einige neue Einstellungen<\/li>\n<\/ul>\n","protected":false},"excerpt":{"rendered":"<p>Dieses Plugin f\u00fcr MyBB f\u00fcgt eine neue Seite mit einer Landkarte ein, wo alle Foren-Mitglieder ihren Wohnort eintragen k\u00f6nnen. Die Karte nutzt \u00fcberwiegend AJAX f\u00fcr die Daten\u00fcbertragung. Man ben\u00f6tigt die OpenGeoDB f\u00fcr die St\u00e4dtenamen, -koordinaten usw. (~70 MB Speicherbedarf in der Datenbank). Anforderungen PHP &gt;= 4 MySQL &gt;= 4.1 GD2 Installation Ladet euch die OpenGeoDB &hellip; <a href=\"https:\/\/osor.de\/site\/index.php\/projekte\/mybb-mitgliederkarte\/\" class=\"more-link\"><span class=\"screen-reader-text\">MyBB Mitgliederkarte<\/span> weiterlesen<\/a><\/p>\n","protected":false},"author":1,"featured_media":0,"parent":5,"menu_order":0,"comment_status":"closed","ping_status":"open","template":"","meta":{"footnotes":""},"class_list":["post-87","page","type-page","status-publish","hentry"],"_links":{"self":[{"href":"https:\/\/osor.de\/site\/index.php\/wp-json\/wp\/v2\/pages\/87","targetHints":{"allow":["GET"]}}],"collection":[{"href":"https:\/\/osor.de\/site\/index.php\/wp-json\/wp\/v2\/pages"}],"about":[{"href":"https:\/\/osor.de\/site\/index.php\/wp-json\/wp\/v2\/types\/page"}],"author":[{"embeddable":true,"href":"https:\/\/osor.de\/site\/index.php\/wp-json\/wp\/v2\/users\/1"}],"replies":[{"embeddable":true,"href":"https:\/\/osor.de\/site\/index.php\/wp-json\/wp\/v2\/comments?post=87"}],"version-history":[{"count":11,"href":"https:\/\/osor.de\/site\/index.php\/wp-json\/wp\/v2\/pages\/87\/revisions"}],"predecessor-version":[{"id":132,"href":"https:\/\/osor.de\/site\/index.php\/wp-json\/wp\/v2\/pages\/87\/revisions\/132"}],"up":[{"embeddable":true,"href":"https:\/\/osor.de\/site\/index.php\/wp-json\/wp\/v2\/pages\/5"}],"wp:attachment":[{"href":"https:\/\/osor.de\/site\/index.php\/wp-json\/wp\/v2\/media?parent=87"}],"curies":[{"name":"wp","href":"https:\/\/api.w.org\/{rel}","templated":true}]}}