{"id":82,"date":"2015-05-18T16:45:00","date_gmt":"2015-05-18T14:45:00","guid":{"rendered":"http:\/\/osor.de\/site\/?page_id=82"},"modified":"2015-05-18T17:16:17","modified_gmt":"2015-05-18T15:16:17","slug":"cd-dvd-cover-suche","status":"publish","type":"page","link":"https:\/\/osor.de\/site\/index.php\/projekte\/cd-dvd-cover-suche\/","title":{"rendered":"CD-\/DVD-Cover-Suche"},"content":{"rendered":"<p><img loading=\"lazy\" decoding=\"async\" class=\"alignright wp-image-83 size-thumbnail\" src=\"http:\/\/osor.de\/site\/wp-content\/uploads\/2015\/05\/cdcovers-150x150.jpg\" alt=\"cdcovers\" width=\"150\" height=\"150\" \/>Die CD\/DVD-Cover-Suche bietet die M\u00f6glichkeit bequem ohne unn\u00fctzes Drumherum Cover-Bilder f\u00fcr CDs zu finden. Die Bilder stammen von Amazon, haben aber meistens eine h\u00f6here Qualit\u00e4t und keinen wei\u00dfen Rand, wie die Bilder auf der Amazon-Website.<\/p>\n<p>\u00bb <a href=\"\/covers\/\" target=\"_blank\" data-select-like-a-boss=\"1\">Zur CD\/DVD-Cover-Suche<\/a><\/p>\n","protected":false},"excerpt":{"rendered":"<p>Die CD\/DVD-Cover-Suche bietet die M\u00f6glichkeit bequem ohne unn\u00fctzes Drumherum Cover-Bilder f\u00fcr CDs zu finden. Die Bilder stammen von Amazon, haben aber meistens eine h\u00f6here Qualit\u00e4t und keinen wei\u00dfen Rand, wie die Bilder auf der Amazon-Website. \u00bb Zur CD\/DVD-Cover-Suche<\/p>\n","protected":false},"author":1,"featured_media":0,"parent":5,"menu_order":0,"comment_status":"closed","ping_status":"open","template":"","meta":{"footnotes":""},"class_list":["post-82","page","type-page","status-publish","hentry"],"_links":{"self":[{"href":"https:\/\/osor.de\/site\/index.php\/wp-json\/wp\/v2\/pages\/82","targetHints":{"allow":["GET"]}}],"collection":[{"href":"https:\/\/osor.de\/site\/index.php\/wp-json\/wp\/v2\/pages"}],"about":[{"href":"https:\/\/osor.de\/site\/index.php\/wp-json\/wp\/v2\/types\/page"}],"author":[{"embeddable":true,"href":"https:\/\/osor.de\/site\/index.php\/wp-json\/wp\/v2\/users\/1"}],"replies":[{"embeddable":true,"href":"https:\/\/osor.de\/site\/index.php\/wp-json\/wp\/v2\/comments?post=82"}],"version-history":[{"count":2,"href":"https:\/\/osor.de\/site\/index.php\/wp-json\/wp\/v2\/pages\/82\/revisions"}],"predecessor-version":[{"id":115,"href":"https:\/\/osor.de\/site\/index.php\/wp-json\/wp\/v2\/pages\/82\/revisions\/115"}],"up":[{"embeddable":true,"href":"https:\/\/osor.de\/site\/index.php\/wp-json\/wp\/v2\/pages\/5"}],"wp:attachment":[{"href":"https:\/\/osor.de\/site\/index.php\/wp-json\/wp\/v2\/media?parent=82"}],"curies":[{"name":"wp","href":"https:\/\/api.w.org\/{rel}","templated":true}]}}