{"id":5,"date":"2015-05-18T15:03:23","date_gmt":"2015-05-18T13:03:23","guid":{"rendered":"http:\/\/osor.de\/site\/?page_id=5"},"modified":"2023-04-23T17:51:10","modified_gmt":"2023-04-23T15:51:10","slug":"projekte","status":"publish","type":"page","link":"https:\/\/osor.de\/site\/index.php\/projekte\/","title":{"rendered":"Projekte"},"content":{"rendered":"<p>Hier bekommst du Infos zu einer Auswahl meiner Projekte und anderen Spielereien.<\/p>\n<p>Die Projekte sind alle schon recht alt, da ich nicht mehr die Zeit habe, f\u00fcr solche Spielereien.<\/p>\n<h2>Web-Anwendungen<\/h2>\n<ul>\n<li><a href=\"http:\/\/osor.de\/site\/index.php\/projekte\/cd-dvd-cover-suche\/\">CD\/DVD-Cover-Suche<br \/>\n<\/a><\/li>\n<li><a href=\"http:\/\/osor.de\/site\/index.php\/projekte\/radio-playlisten\/\">Radio Playlisten<br \/>\n<\/a><\/li>\n<li><s><a href=\"[~62~]\">Smilies<br \/>\n<\/a><\/s><\/li>\n<li><a href=\"http:\/\/osor.de\/site\/index.php\/projekte\/die-staemme-tools\/\" data-select-like-a-boss=\"1\">Scripts f\u00fcr Die St\u00e4mme<br \/>\n<\/a><\/li>\n<li><s><a href=\"[~63~]\">Chartbilder f\u00fcr Die St\u00e4mme Welt 7<br \/>\n<\/a><\/s><\/li>\n<li><a href=\"http:\/\/osor.de\/site\/index.php\/projekte\/mybb-mitgliederkarte\/\" data-select-like-a-boss=\"1\">MyBB Mitgliederkarte<br \/>\n<\/a><\/li>\n<li><a href=\"http:\/\/osor.de\/site\/index.php\/projekte\/mybb-status-icon\/\">MyBB Pr\u00fcft-Icon f\u00fcr neue Beitr\u00e4ge<br \/>\n<\/a><\/li>\n<\/ul>\n<h2>Windows-Anwendnungen<\/h2>\n<ul>\n<li><a href=\"http:\/\/osor.de\/site\/index.php\/projekte\/soundosd\/\">SoundOSD<br \/>\n<\/a><\/li>\n<li><a href=\"http:\/\/osor.de\/site\/index.php\/projekte\/proxycheck\/\">Proxycheck<br \/>\n<\/a><\/li>\n<li><s><a href=\"[~64~]\">Programm-Icon f\u00fcr den Media Player Classic<br \/>\n<\/a><\/s><\/li>\n<li><a href=\"http:\/\/osor.de\/site\/index.php\/projekte\/per-machine-printer-manager\/\" data-select-like-a-boss=\"1\">Per Machine Printer Manager<br \/>\n<\/a><\/li>\n<li><a href=\"http:\/\/osor.de\/site\/index.php\/projekte\/winsleeper\/\" data-select-like-a-boss=\"1\">WinSleeper<br \/>\n<\/a><\/li>\n<\/ul>\n","protected":false},"excerpt":{"rendered":"<p>Hier bekommst du Infos zu einer Auswahl meiner Projekte und anderen Spielereien. Die Projekte sind alle schon recht alt, da ich nicht mehr die Zeit habe, f\u00fcr solche Spielereien. Web-Anwendungen CD\/DVD-Cover-Suche Radio Playlisten Smilies Scripts f\u00fcr Die St\u00e4mme Chartbilder f\u00fcr Die St\u00e4mme Welt 7 MyBB Mitgliederkarte MyBB Pr\u00fcft-Icon f\u00fcr neue Beitr\u00e4ge Windows-Anwendnungen SoundOSD Proxycheck Programm-Icon &hellip; <a href=\"https:\/\/osor.de\/site\/index.php\/projekte\/\" class=\"more-link\"><span class=\"screen-reader-text\">Projekte<\/span> weiterlesen<\/a><\/p>\n","protected":false},"author":1,"featured_media":0,"parent":0,"menu_order":1,"comment_status":"closed","ping_status":"closed","template":"","meta":{"footnotes":""},"class_list":["post-5","page","type-page","status-publish","hentry"],"_links":{"self":[{"href":"https:\/\/osor.de\/site\/index.php\/wp-json\/wp\/v2\/pages\/5","targetHints":{"allow":["GET"]}}],"collection":[{"href":"https:\/\/osor.de\/site\/index.php\/wp-json\/wp\/v2\/pages"}],"about":[{"href":"https:\/\/osor.de\/site\/index.php\/wp-json\/wp\/v2\/types\/page"}],"author":[{"embeddable":true,"href":"https:\/\/osor.de\/site\/index.php\/wp-json\/wp\/v2\/users\/1"}],"replies":[{"embeddable":true,"href":"https:\/\/osor.de\/site\/index.php\/wp-json\/wp\/v2\/comments?post=5"}],"version-history":[{"count":9,"href":"https:\/\/osor.de\/site\/index.php\/wp-json\/wp\/v2\/pages\/5\/revisions"}],"predecessor-version":[{"id":173,"href":"https:\/\/osor.de\/site\/index.php\/wp-json\/wp\/v2\/pages\/5\/revisions\/173"}],"wp:attachment":[{"href":"https:\/\/osor.de\/site\/index.php\/wp-json\/wp\/v2\/media?parent=5"}],"curies":[{"name":"wp","href":"https:\/\/api.w.org\/{rel}","templated":true}]}}