{"id":42,"date":"2015-05-18T16:03:22","date_gmt":"2015-05-18T14:03:22","guid":{"rendered":"http:\/\/osor.de\/site\/?page_id=42"},"modified":"2015-05-18T17:40:36","modified_gmt":"2015-05-18T15:40:36","slug":"soundosd","status":"publish","type":"page","link":"https:\/\/osor.de\/site\/index.php\/projekte\/soundosd\/","title":{"rendered":"SoundOSD"},"content":{"rendered":"<figure id=\"attachment_43\" aria-describedby=\"caption-attachment-43\" style=\"width: 276px\" class=\"wp-caption alignright\"><img loading=\"lazy\" decoding=\"async\" class=\"wp-image-43 size-full\" src=\"http:\/\/osor.de\/site\/wp-content\/uploads\/2015\/05\/soundosd1.jpg\" alt=\"soundosd1\" width=\"276\" height=\"98\" \/><figcaption id=\"caption-attachment-43\" class=\"wp-caption-text\">Ein Musik-Stream aus dem Internet<\/figcaption><\/figure>\n<p>SoundOSD ist ein Programm zur Anzeige der Lautst\u00e4rke der PC-Lautsprecher. Gedacht ist es f\u00fcr PCs oder Notebooks mit speziellen Lautst\u00e4rke-Funktionstasten. Wenn gerade ein Media-Player l\u00e4uft, werden au\u00dferdem noch Status, Spielzeit und Titel des aktuellen Liedes an. Der Teil &#8222;OSD&#8220; im Namen steht f\u00fcr On Screen Display.<\/p>\n<h2>Kompatible Media-Player<\/h2>\n<p>Grunds\u00e4tzlich sind alle Player kompatibel, die die Winamp-API zur Verf\u00fcgung stellen. Die mir bekannten Vertreter sind:<\/p>\n<ul>\n<li><a href=\"http:\/\/www.winamp.com\/\" target=\"_blank\" shape=\"rect\">Winamp<\/a><\/li>\n<li><a href=\"http:\/\/www.foobar2000.org\/\" target=\"_blank\" shape=\"rect\">foobar2000<\/a> (es muss zus\u00e4tzlich das Plugin <a href=\"http:\/\/www.r1ch.net\/stuff\/foobar\/\" target=\"_blank\" shape=\"rect\">foo_winamp_spam<\/a> installiert werden)<\/li>\n<li><a href=\"http:\/\/www.mediamonkey.com\/\" target=\"_blank\" shape=\"rect\">MediaMonkey<\/a><\/li>\n<\/ul>\n<h2>Systemvoraussetzungen<\/h2>\n<p>SoundOSD l\u00e4uft unter Windows 2000 und Windows XP.<\/p>\n<figure id=\"attachment_44\" aria-describedby=\"caption-attachment-44\" style=\"width: 276px\" class=\"wp-caption alignnone\"><img loading=\"lazy\" decoding=\"async\" class=\"wp-image-44 size-full\" src=\"http:\/\/osor.de\/site\/wp-content\/uploads\/2015\/05\/soundosd2.jpg\" alt=\"soundosd2\" width=\"276\" height=\"98\" \/><figcaption id=\"caption-attachment-44\" class=\"wp-caption-text\">Ein pausiertes Lied<\/figcaption><\/figure>\n<figure id=\"attachment_45\" aria-describedby=\"caption-attachment-45\" style=\"width: 276px\" class=\"wp-caption alignnone\"><img loading=\"lazy\" decoding=\"async\" class=\"wp-image-45 size-full\" src=\"http:\/\/osor.de\/site\/wp-content\/uploads\/2015\/05\/soundosd3.jpg\" alt=\"soundosd3\" width=\"276\" height=\"54\" \/><figcaption id=\"caption-attachment-45\" class=\"wp-caption-text\">Ohne Winamp oder \u00c4hnliches<\/figcaption><\/figure>\n<p data-select-like-a-boss=\"1\">[wpfilebase tag=file id=10 \/]<\/p>\n","protected":false},"excerpt":{"rendered":"<p>SoundOSD ist ein Programm zur Anzeige der Lautst\u00e4rke der PC-Lautsprecher. Gedacht ist es f\u00fcr PCs oder Notebooks mit speziellen Lautst\u00e4rke-Funktionstasten. Wenn gerade ein Media-Player l\u00e4uft, werden au\u00dferdem noch Status, Spielzeit und Titel des aktuellen Liedes an. Der Teil &#8222;OSD&#8220; im Namen steht f\u00fcr On Screen Display. Kompatible Media-Player Grunds\u00e4tzlich sind alle Player kompatibel, die die &hellip; <a href=\"https:\/\/osor.de\/site\/index.php\/projekte\/soundosd\/\" class=\"more-link\"><span class=\"screen-reader-text\">SoundOSD<\/span> weiterlesen<\/a><\/p>\n","protected":false},"author":1,"featured_media":0,"parent":5,"menu_order":0,"comment_status":"closed","ping_status":"open","template":"","meta":{"footnotes":""},"class_list":["post-42","page","type-page","status-publish","hentry"],"_links":{"self":[{"href":"https:\/\/osor.de\/site\/index.php\/wp-json\/wp\/v2\/pages\/42","targetHints":{"allow":["GET"]}}],"collection":[{"href":"https:\/\/osor.de\/site\/index.php\/wp-json\/wp\/v2\/pages"}],"about":[{"href":"https:\/\/osor.de\/site\/index.php\/wp-json\/wp\/v2\/types\/page"}],"author":[{"embeddable":true,"href":"https:\/\/osor.de\/site\/index.php\/wp-json\/wp\/v2\/users\/1"}],"replies":[{"embeddable":true,"href":"https:\/\/osor.de\/site\/index.php\/wp-json\/wp\/v2\/comments?post=42"}],"version-history":[{"count":5,"href":"https:\/\/osor.de\/site\/index.php\/wp-json\/wp\/v2\/pages\/42\/revisions"}],"predecessor-version":[{"id":133,"href":"https:\/\/osor.de\/site\/index.php\/wp-json\/wp\/v2\/pages\/42\/revisions\/133"}],"up":[{"embeddable":true,"href":"https:\/\/osor.de\/site\/index.php\/wp-json\/wp\/v2\/pages\/5"}],"wp:attachment":[{"href":"https:\/\/osor.de\/site\/index.php\/wp-json\/wp\/v2\/media?parent=42"}],"curies":[{"name":"wp","href":"https:\/\/api.w.org\/{rel}","templated":true}]}}